{"id":19,"date":"2025-03-21T17:07:58","date_gmt":"2025-03-21T17:07:58","guid":{"rendered":"https:\/\/denthailexpert.rkinformatika.online\/?page_id=19"},"modified":"2025-03-28T16:40:00","modified_gmt":"2025-03-28T16:40:00","slug":"inicio","status":"publish","type":"page","link":"https:\/\/denthailexpert.com\/eu\/","title":{"rendered":"Hasiera"},"content":{"rendered":"<div data-elementor-type=\"wp-page\" data-elementor-id=\"19\" class=\"elementor elementor-19\" data-elementor-post-type=\"page\">\n\t\t\t\t<div class=\"elementor-element elementor-element-17876a9 e-flex e-con-boxed e-con e-parent\" data-id=\"17876a9\" data-element_type=\"container\" data-e-type=\"container\" data-settings=\"{&quot;background_background&quot;:&quot;classic&quot;,&quot;background_motion_fx_motion_fx_mouse&quot;:&quot;yes&quot;,&quot;background_motion_fx_mouseTrack_effect&quot;:&quot;yes&quot;,&quot;background_motion_fx_mouseTrack_speed&quot;:{&quot;unit&quot;:&quot;px&quot;,&quot;size&quot;:1,&quot;sizes&quot;:[]}}\">\n\t\t\t\t\t<div class=\"e-con-inner\">\n\t\t\t\t\t<\/div>\n\t\t\t\t<\/div>\n\t\t<div class=\"elementor-element elementor-element-a7891bb e-flex e-con-boxed e-con e-parent\" data-id=\"a7891bb\" data-element_type=\"container\" data-e-type=\"container\" data-settings=\"{&quot;background_background&quot;:&quot;classic&quot;}\">\n\t\t\t\t\t<div class=\"e-con-inner\">\n\t\t\t\t<div class=\"elementor-element elementor-element-09d8383 elementor-widget elementor-widget-heading\" data-id=\"09d8383\" data-element_type=\"widget\" data-e-type=\"widget\" data-widget_type=\"heading.default\">\n\t\t\t\t<div class=\"elementor-widget-container\">\n\t\t\t\t\t<h2 class=\"elementor-heading-title elementor-size-default\">Nor garen<\/h2>\t\t\t\t<\/div>\n\t\t\t\t<\/div>\n\t\t\t\t\t<\/div>\n\t\t\t\t<\/div>\n\t\t<div class=\"elementor-element elementor-element-f0f0b73 e-flex e-con-boxed e-con e-parent\" data-id=\"f0f0b73\" data-element_type=\"container\" data-e-type=\"container\" data-settings=\"{&quot;background_background&quot;:&quot;classic&quot;}\">\n\t\t\t\t\t<div class=\"e-con-inner\">\n\t\t<div class=\"elementor-element elementor-element-f834669 e-con-full e-flex e-con e-child\" data-id=\"f834669\" data-element_type=\"container\" data-e-type=\"container\">\n\t\t\t\t<div class=\"elementor-element elementor-element-d0ce30f elementor-widget elementor-widget-image\" data-id=\"d0ce30f\" data-element_type=\"widget\" data-e-type=\"widget\" data-widget_type=\"image.default\">\n\t\t\t\t<div class=\"elementor-widget-container\">\n\t\t\t\t\t\t\t\t\t\t\t\t\t\t\t<img decoding=\"async\" src=\"https:\/\/denthailexpert.com\/wp-content\/uploads\/elementor\/thumbs\/imagen_reparacion_16-r3bo6hipaatb7sp85i3lqrcswyp6l8hlsvwripu448.jpg\" title=\"imagen_reparacion_16\" alt=\"imagen_reparacion_16\" loading=\"lazy\" \/>\t\t\t\t\t\t\t\t\t\t\t\t\t\t\t<\/div>\n\t\t\t\t<\/div>\n\t\t\t\t<\/div>\n\t\t<div class=\"elementor-element elementor-element-7f00c98 e-con-full e-flex e-con e-child\" data-id=\"7f00c98\" data-element_type=\"container\" data-e-type=\"container\">\n\t\t\t\t<div class=\"elementor-element elementor-element-2b56e28 elementor-widget elementor-widget-text-editor\" data-id=\"2b56e28\" data-element_type=\"widget\" data-e-type=\"widget\" data-widget_type=\"text-editor.default\">\n\t\t\t\t<div class=\"elementor-widget-container\">\n\t\t\t\t\t\t\t\t\t<h3><strong>Dent Hail Expert<\/strong><\/h3><p><strong>Kazkabarrak kaltetutako autoak konpontzea, margotu gabe eta jatorrizko pintura errespetatuz.<\/strong><\/p><p>Dent Hail Expert enpresan, espezialistak gara txingorrak eta zure ibilgailuaren karrozeriako beste inpaktu batzuek eragindako mailatuak konpontzen. PDR tresna eta teknika aurreratuak erabiltzen ditugu. (Paintless Dent Repair) zure autoari jatorrizko itxura itzultzeko, pintatu beharrik gabe eta fabrikako pintura zainduz.<\/p><p>40 urteko esperientziarekin eta artisau eta dedikazio ikuspegiarekin, automobilgintzako fabrikatzaileen eta bezeroen konfiantza irabazi dugu nazioartean.<\/p><h4>Zergatik aukeratu?<\/h4><ul><li><p>Margotu gabeko mailatuak konpontzen ditugu, jatorrizko pintura errespetatuz.<\/p><\/li><li><p>PDR teknika aurreratuak akatsik gabeko emaitzetarako.<\/p><\/li><li><p>40 urteko esperientzia sektorean.<\/p><\/li><li><p>Automobilgintzako fabrikatzaileekin lan egiten dugu karrozerietan akatsak zuzentzeko.<\/p><\/li><li><p>Salbuespenezko kalitate-estandarrak dituen nazioarteko zerbitzua.<\/p><\/li><\/ul><p>Izan konfiantza adituengan. Izan konfiantza Dent Hail Expertengan.<\/p>\t\t\t\t\t\t\t\t<\/div>\n\t\t\t\t<\/div>\n\t\t\t\t<\/div>\n\t\t\t\t\t<\/div>\n\t\t\t\t<\/div>\n\t\t\t\t<\/div>","protected":false},"excerpt":{"rendered":"<p>Qui\u00e9nes somos Dent Hail Expert Reparaci\u00f3n de autos da\u00f1ados por granizo, sin pintar y respetando la pintura original. En Dent Hail Expert, somos especialistas en la reparaci\u00f3n de abolladuras causadas por granizo y otros impactos en la carrocer\u00eda de tu veh\u00edculo. Utilizamos herramientas y t\u00e9cnicas avanzadas de P.D.R. (Paintless Dent Repair) para devolver a tu [&hellip;]<\/p>\n","protected":false},"author":1,"featured_media":0,"parent":0,"menu_order":0,"comment_status":"closed","ping_status":"closed","template":"elementor_canvas","meta":{"footnotes":""},"class_list":["post-19","page","type-page","status-publish","hentry"],"yoast_head":"<!-- This site is optimized with the Yoast SEO plugin v27.3 - https:\/\/yoast.com\/product\/yoast-seo-wordpress\/ -->\n<title>Inicio - DENT HAIL EXPERT<\/title>\n<meta name=\"robots\" content=\"index, follow, max-snippet:-1, max-image-preview:large, max-video-preview:-1\" \/>\n<link rel=\"canonical\" href=\"https:\/\/denthailexpert.com\/eu\/\" \/>\n<meta property=\"og:locale\" content=\"en_US\" \/>\n<meta property=\"og:type\" content=\"article\" \/>\n<meta property=\"og:title\" content=\"Inicio - DENT HAIL EXPERT\" \/>\n<meta property=\"og:description\" content=\"Qui\u00e9nes somos Dent Hail Expert Reparaci\u00f3n de autos da\u00f1ados por granizo, sin pintar y respetando la pintura original. En Dent Hail Expert, somos especialistas en la reparaci\u00f3n de abolladuras causadas por granizo y otros impactos en la carrocer\u00eda de tu veh\u00edculo. Utilizamos herramientas y t\u00e9cnicas avanzadas de P.D.R. (Paintless Dent Repair) para devolver a tu [&hellip;]\" \/>\n<meta property=\"og:url\" content=\"https:\/\/denthailexpert.com\/eu\/\" \/>\n<meta property=\"og:site_name\" content=\"DENT HAIL EXPERT\" \/>\n<meta property=\"article:modified_time\" content=\"2025-03-28T16:40:00+00:00\" \/>\n<meta property=\"og:image\" content=\"https:\/\/denthailexpert.com\/wp-content\/uploads\/elementor\/thumbs\/imagen_reparacion_16-r3bo6hipaatb7sp85i3lqrcswyp6l8hlsvwripu2vs.jpg\" \/>\n<meta name=\"twitter:card\" content=\"summary_large_image\" \/>\n<meta name=\"twitter:label1\" content=\"Est. reading time\" \/>\n\t<meta name=\"twitter:data1\" content=\"1 minutua\" \/>\n<script type=\"application\/ld+json\" class=\"yoast-schema-graph\">{\"@context\":\"https:\\\/\\\/schema.org\",\"@graph\":[{\"@type\":\"WebPage\",\"@id\":\"https:\\\/\\\/denthailexpert.com\\\/\",\"url\":\"https:\\\/\\\/denthailexpert.com\\\/\",\"name\":\"Inicio - DENT HAIL EXPERT\",\"isPartOf\":{\"@id\":\"https:\\\/\\\/denthailexpert.com\\\/#website\"},\"primaryImageOfPage\":{\"@id\":\"https:\\\/\\\/denthailexpert.com\\\/#primaryimage\"},\"image\":{\"@id\":\"https:\\\/\\\/denthailexpert.com\\\/#primaryimage\"},\"thumbnailUrl\":\"https:\\\/\\\/denthailexpert.com\\\/wp-content\\\/uploads\\\/elementor\\\/thumbs\\\/imagen_reparacion_16-r3bo6hipaatb7sp85i3lqrcswyp6l8hlsvwripu2vs.jpg\",\"datePublished\":\"2025-03-21T17:07:58+00:00\",\"dateModified\":\"2025-03-28T16:40:00+00:00\",\"breadcrumb\":{\"@id\":\"https:\\\/\\\/denthailexpert.com\\\/#breadcrumb\"},\"inLanguage\":\"eu\",\"potentialAction\":[{\"@type\":\"ReadAction\",\"target\":[\"https:\\\/\\\/denthailexpert.com\\\/\"]}]},{\"@type\":\"ImageObject\",\"inLanguage\":\"eu\",\"@id\":\"https:\\\/\\\/denthailexpert.com\\\/#primaryimage\",\"url\":\"https:\\\/\\\/denthailexpert.com\\\/wp-content\\\/uploads\\\/elementor\\\/thumbs\\\/imagen_reparacion_16-r3bo6hipaatb7sp85i3lqrcswyp6l8hlsvwripu2vs.jpg\",\"contentUrl\":\"https:\\\/\\\/denthailexpert.com\\\/wp-content\\\/uploads\\\/elementor\\\/thumbs\\\/imagen_reparacion_16-r3bo6hipaatb7sp85i3lqrcswyp6l8hlsvwripu2vs.jpg\"},{\"@type\":\"BreadcrumbList\",\"@id\":\"https:\\\/\\\/denthailexpert.com\\\/#breadcrumb\",\"itemListElement\":[{\"@type\":\"ListItem\",\"position\":1,\"name\":\"Portada\",\"item\":\"https:\\\/\\\/denthailexpert.com\\\/\"},{\"@type\":\"ListItem\",\"position\":2,\"name\":\"Inicio\"}]},{\"@type\":\"WebSite\",\"@id\":\"https:\\\/\\\/denthailexpert.com\\\/#website\",\"url\":\"https:\\\/\\\/denthailexpert.com\\\/\",\"name\":\"DENT HAIL EXPERT\",\"description\":\"Reparamos autos da\u00f1ados por el granizo en la carrocer\u00eda.\",\"publisher\":{\"@id\":\"https:\\\/\\\/denthailexpert.com\\\/#organization\"},\"potentialAction\":[{\"@type\":\"SearchAction\",\"target\":{\"@type\":\"EntryPoint\",\"urlTemplate\":\"https:\\\/\\\/denthailexpert.com\\\/?s={search_term_string}\"},\"query-input\":{\"@type\":\"PropertyValueSpecification\",\"valueRequired\":true,\"valueName\":\"search_term_string\"}}],\"inLanguage\":\"eu\"},{\"@type\":\"Organization\",\"@id\":\"https:\\\/\\\/denthailexpert.com\\\/#organization\",\"name\":\"DENT HAIL EXPERT\",\"url\":\"https:\\\/\\\/denthailexpert.com\\\/\",\"logo\":{\"@type\":\"ImageObject\",\"inLanguage\":\"eu\",\"@id\":\"https:\\\/\\\/denthailexpert.com\\\/#\\\/schema\\\/logo\\\/image\\\/\",\"url\":\"https:\\\/\\\/denthailexpert.com\\\/wp-content\\\/uploads\\\/2025\\\/03\\\/cropped-Logo-DEnt_Mesa-de-trabajo-1.png\",\"contentUrl\":\"https:\\\/\\\/denthailexpert.com\\\/wp-content\\\/uploads\\\/2025\\\/03\\\/cropped-Logo-DEnt_Mesa-de-trabajo-1.png\",\"width\":500,\"height\":366,\"caption\":\"DENT HAIL EXPERT\"},\"image\":{\"@id\":\"https:\\\/\\\/denthailexpert.com\\\/#\\\/schema\\\/logo\\\/image\\\/\"}}]}<\/script>\n<!-- \/ Yoast SEO plugin. -->","yoast_head_json":{"title":"Inicio - DENT HAIL EXPERT","robots":{"index":"index","follow":"follow","max-snippet":"max-snippet:-1","max-image-preview":"max-image-preview:large","max-video-preview":"max-video-preview:-1"},"canonical":"https:\/\/denthailexpert.com\/eu\/","og_locale":"en_US","og_type":"article","og_title":"Inicio - DENT HAIL EXPERT","og_description":"Qui\u00e9nes somos Dent Hail Expert Reparaci\u00f3n de autos da\u00f1ados por granizo, sin pintar y respetando la pintura original. En Dent Hail Expert, somos especialistas en la reparaci\u00f3n de abolladuras causadas por granizo y otros impactos en la carrocer\u00eda de tu veh\u00edculo. Utilizamos herramientas y t\u00e9cnicas avanzadas de P.D.R. (Paintless Dent Repair) para devolver a tu [&hellip;]","og_url":"https:\/\/denthailexpert.com\/eu\/","og_site_name":"DENT HAIL EXPERT","article_modified_time":"2025-03-28T16:40:00+00:00","og_image":[{"url":"https:\/\/denthailexpert.com\/wp-content\/uploads\/elementor\/thumbs\/imagen_reparacion_16-r3bo6hipaatb7sp85i3lqrcswyp6l8hlsvwripu2vs.jpg","type":"","width":"","height":""}],"twitter_card":"summary_large_image","twitter_misc":{"Est. reading time":"1 minutua"},"schema":{"@context":"https:\/\/schema.org","@graph":[{"@type":"WebPage","@id":"https:\/\/denthailexpert.com\/","url":"https:\/\/denthailexpert.com\/","name":"Inicio - DENT HAIL EXPERT","isPartOf":{"@id":"https:\/\/denthailexpert.com\/#website"},"primaryImageOfPage":{"@id":"https:\/\/denthailexpert.com\/#primaryimage"},"image":{"@id":"https:\/\/denthailexpert.com\/#primaryimage"},"thumbnailUrl":"https:\/\/denthailexpert.com\/wp-content\/uploads\/elementor\/thumbs\/imagen_reparacion_16-r3bo6hipaatb7sp85i3lqrcswyp6l8hlsvwripu2vs.jpg","datePublished":"2025-03-21T17:07:58+00:00","dateModified":"2025-03-28T16:40:00+00:00","breadcrumb":{"@id":"https:\/\/denthailexpert.com\/#breadcrumb"},"inLanguage":"eu","potentialAction":[{"@type":"ReadAction","target":["https:\/\/denthailexpert.com\/"]}]},{"@type":"ImageObject","inLanguage":"eu","@id":"https:\/\/denthailexpert.com\/#primaryimage","url":"https:\/\/denthailexpert.com\/wp-content\/uploads\/elementor\/thumbs\/imagen_reparacion_16-r3bo6hipaatb7sp85i3lqrcswyp6l8hlsvwripu2vs.jpg","contentUrl":"https:\/\/denthailexpert.com\/wp-content\/uploads\/elementor\/thumbs\/imagen_reparacion_16-r3bo6hipaatb7sp85i3lqrcswyp6l8hlsvwripu2vs.jpg"},{"@type":"BreadcrumbList","@id":"https:\/\/denthailexpert.com\/#breadcrumb","itemListElement":[{"@type":"ListItem","position":1,"name":"Portada","item":"https:\/\/denthailexpert.com\/"},{"@type":"ListItem","position":2,"name":"Inicio"}]},{"@type":"WebSite","@id":"https:\/\/denthailexpert.com\/#website","url":"https:\/\/denthailexpert.com\/","name":"DENT HAIL EXPERT","description":"Reparamos autos da\u00f1ados por el granizo en la carrocer\u00eda.","publisher":{"@id":"https:\/\/denthailexpert.com\/#organization"},"potentialAction":[{"@type":"SearchAction","target":{"@type":"EntryPoint","urlTemplate":"https:\/\/denthailexpert.com\/?s={search_term_string}"},"query-input":{"@type":"PropertyValueSpecification","valueRequired":true,"valueName":"search_term_string"}}],"inLanguage":"eu"},{"@type":"Organization","@id":"https:\/\/denthailexpert.com\/#organization","name":"DENT HAIL EXPERT","url":"https:\/\/denthailexpert.com\/","logo":{"@type":"ImageObject","inLanguage":"eu","@id":"https:\/\/denthailexpert.com\/#\/schema\/logo\/image\/","url":"https:\/\/denthailexpert.com\/wp-content\/uploads\/2025\/03\/cropped-Logo-DEnt_Mesa-de-trabajo-1.png","contentUrl":"https:\/\/denthailexpert.com\/wp-content\/uploads\/2025\/03\/cropped-Logo-DEnt_Mesa-de-trabajo-1.png","width":500,"height":366,"caption":"DENT HAIL EXPERT"},"image":{"@id":"https:\/\/denthailexpert.com\/#\/schema\/logo\/image\/"}}]}},"_links":{"self":[{"href":"https:\/\/denthailexpert.com\/eu\/wp-json\/wp\/v2\/pages\/19","targetHints":{"allow":["GET"]}}],"collection":[{"href":"https:\/\/denthailexpert.com\/eu\/wp-json\/wp\/v2\/pages"}],"about":[{"href":"https:\/\/denthailexpert.com\/eu\/wp-json\/wp\/v2\/types\/page"}],"author":[{"embeddable":true,"href":"https:\/\/denthailexpert.com\/eu\/wp-json\/wp\/v2\/users\/1"}],"replies":[{"embeddable":true,"href":"https:\/\/denthailexpert.com\/eu\/wp-json\/wp\/v2\/comments?post=19"}],"version-history":[{"count":77,"href":"https:\/\/denthailexpert.com\/eu\/wp-json\/wp\/v2\/pages\/19\/revisions"}],"predecessor-version":[{"id":579,"href":"https:\/\/denthailexpert.com\/eu\/wp-json\/wp\/v2\/pages\/19\/revisions\/579"}],"wp:attachment":[{"href":"https:\/\/denthailexpert.com\/eu\/wp-json\/wp\/v2\/media?parent=19"}],"curies":[{"name":"wp","href":"https:\/\/api.w.org\/{rel}","templated":true}]}}